{"id":136533,"date":"2026-05-03T22:06:50","date_gmt":"2026-05-03T20:06:50","guid":{"rendered":"https:\/\/webshopdistricoscom.webhosting.be\/product\/thuya-kit-professionnel-lets-go-ref-7019-39\/"},"modified":"2026-05-03T22:06:51","modified_gmt":"2026-05-03T20:06:51","slug":"thuya-kit-professionnel-lets-go-ref-7019-39","status":"publish","type":"product","link":"https:\/\/webshop.districos.com\/fr\/product\/thuya-kit-professionnel-lets-go-ref-7019-39\/","title":{"rendered":"Thuya Kit Professionnel Let&rsquo;s Go"},"content":{"rendered":"<p >\n<\/p>\n<\/p>\n<\/p>\n<\/p>\n<\/p>\n<\/p>\n<\/p>\n<\/p>\n<\/p>\n<\/p>\n<p dir=\"ltr\"><b>Thuya Kit Professionnel Let&rsquo;s Go &#8211; Maquillage Semi-Permanent pour les Sourcils<\/b><\/p>\n<p dir=\"ltr\">D\u00e9couvrez le <strong data-start=\"157\" data-end=\"182\">Let&rsquo;s Go Dye de Thuya<\/strong> : la toute derni\u00e8re innovation pour sublimer vos sourcils durablement\u202f! Ce maquillage semi-permanent pr\u00eat \u00e0 l\u2019emploi fonctionne comme une teinture pr\u00eate \u00e0 l\u2019usage et a \u00e9t\u00e9 sp\u00e9cialement con\u00e7u pour s\u2019int\u00e9grer facilement \u00e0 n\u2019importe quel soin avec un temps de pause,&nbsp;<span>id\u00e9al pour faire d\u00e9couvrir la teinture des sourcils \u00e0 vos clientes.<\/span><\/p>\n<ul>\n<li>Aucun m\u00e9lange de couleurs, aucun dosage, aucun temps de pose pr\u00e9cis.&nbsp;<\/li>\n<li>Pr\u00eat en 10 \u00e0 15 minutes (selon l&rsquo;effect d\u00e9sir\u00e9)<\/li>\n<li>Se retire facilement \u00e0 l\u2019eau<br data-start=\"751\" data-end=\"754\"><\/li>\n<li>Application facile gr\u00e2ce au pinceau fin int\u00e9gr\u00e9 pour un trac\u00e9 pr\u00e9cis<\/li>\n<\/ul>\n<div><\/div>\n<div><b>Contenue&nbsp;<\/b>:<\/div>\n<ul>\n<ul>\n<li>Let&rsquo;s Go Dye Dark Chocolate : une teinte brun chocolat intense et profonde, parfaite pour les sourcils fonc\u00e9s. Apporte du caract\u00e8re et de la personnalit\u00e9 au regard.&nbsp;(<a href=\"https:\/\/webshop.districos.com\/ProductDetail\/7019.31\"style=\"font-size: 13.3333px;\">r\u00e9f. 7019.31<\/a><span>)<\/span><\/li>\n<li>Let&rsquo;s Go Dye Moka : un brun moyen subtil, qui donne de la densit\u00e9 et du volume aux sourcils bruns. (<a href=\"https:\/\/webshop.districos.com\/ProductDetail\/7019.32\"style=\"font-size: 13.3333px;\">r\u00e9f. 7019.32<\/a><span>)<\/span><\/li>\n<li>Let&rsquo;s Go Dye Caramel : une teinte brun clair id\u00e9ale pour les sourcils plus clairs, \u00e0 la recherche de volume et de d\u00e9finition tout en subtilit\u00e9. (<a href=\"https:\/\/webshop.districos.com\/ProductDetail\/7019.33\"style=\"font-size: 13.3333px;\">r\u00e9f. 7019.33<\/a><span>)<\/span><\/li>\n<li>Thuya Saline Solution pour une meilleure adh\u00e9rence et une coloration plus uniforme.&nbsp;(<a href=\"https:\/\/webshop.districos.com\/ProductDetail\/7019.29\">r\u00e9f. 7019.29<\/a>)<\/li>\n<li>Thuya Brow Styling Wax qui assure une fixation forte mais souple.&nbsp;(<a href=\"https:\/\/webshop.districos.com\/ProductDetail\/7027.05\"style=\"font-size: 10pt;\">r\u00e9f. 7027.05<\/a><span>)&nbsp;<\/span><\/li>\n<li><span>10 b\u00e2tonnets en bois d&rsquo;oranger<\/span><\/li>\n<\/ul>\n<\/ul>\n<\/p>\n<div><b>Mode d&#8217;emploi :<\/b><\/div>\n<div>\n<ol dir=\"ltr\">\n<li>Nettoyez les sourcils avec la afin d\u2019\u00e9liminer l\u2019exc\u00e8s de s\u00e9bum, les r\u00e9sidus de maquillage et les impuret\u00e9s. Cela permet une meilleure fixation de la couleur.&nbsp;<\/li>\n<li>Appuyez sur le tube pour faire sortir un peu de Let&rsquo;s Go Dye sur l&rsquo;applicateur int\u00e9gr\u00e9. Appliquez sur les poils du sourcil et sur la peau selon le r\u00e9sultat souhait\u00e9. Si n\u00e9cessaire, retirez l\u2019exc\u00e9dent de produit avec un b\u00e2tonnet en bois pour un contour net et pr\u00e9cis.&nbsp;<\/li>\n<li>Laissez poser 10 \u00e0 15 minutes selon l\u2019intensit\u00e9 d\u00e9sir\u00e9e.&nbsp;<\/li>\n<li>Retirez d\u2019abord la teinture avec un coton sec, puis avec un coton humide.&nbsp;<strong data-start=\"2020\" data-end=\"2054\">N\u2019utilisez PAS de d\u00e9maquillant<\/strong>, car cela \u00e9liminerait totalement la coloration.&nbsp;<\/li>\n<li>Pour un r\u00e9sultat encore plus intense et des sourcils parfaitement fix\u00e9s toute la journ\u00e9e, terminez avec un peu de <strong data-start=\"2218\" data-end=\"2238\">Brow Styling Wax<\/strong>&nbsp;(<a href=\"https:\/\/webshop.districos.com\/ProductDetail\/7027.05\">r\u00e9f. 7027.05<\/a>).<\/li>\n<\/ol>\n<div><\/div>\n<div>\n<div>D\u00e9couvrez \u00e9galement les&nbsp;<b>kits de vente Thuya Let&rsquo;s Go Dye<\/b>&nbsp;pour utilisation \u00e0 domicile :<\/div>\n<div>\n<ul>\n<li>Thuya Let&rsquo;s Go Dye Kit Dark Chocolate (<a href=\"https:\/\/webshop.districos.com\/ProductDetail\/7019.31\">r\u00e9f. 7019.31<\/a>)<\/li>\n<li>Thuya Let&rsquo;s Go Dye Kit Moka (<a href=\"https:\/\/webshop.districos.com\/ProductDetail\/7019.32\">r\u00e9f. 7019.32<\/a>)<\/li>\n<li>Thuya Let&rsquo;s Go Dye Kit Caramel (<a href=\"https:\/\/webshop.districos.com\/ProductDetail\/7019.33\">r\u00e9f. 7019.33<\/a>)<\/li>\n<\/ul>\n<div><\/div>\n<\/div>\n<\/div>\n<div>Demandez lors de votre commande votre&nbsp;<b>d\u00e9pliant commercial A5 GRATUIT<\/b>&nbsp;(<a href=\"https:\/\/webshop.districos.com\/ProductDetail\/YK122.022\">ref. YK122.022<\/a>)&nbsp;<span>avec des explications claires \u00e9tape par \u00e9tape pour offrir \u00e0 vos clients.<\/span><\/div>\n<\/div><\/p>\n","protected":false},"excerpt":{"rendered":"<p>Thuya Kit Professionnel Let&rsquo;s Go &#8211; Maquillage Semi-Permanent pour les Sourcils D\u00e9couvrez le Let&rsquo;s Go Dye de Thuya : la toute derni\u00e8re innovation pour sublimer vos sourcils durablement\u202f! Ce maquillage semi-permanent pr\u00eat \u00e0 l\u2019emploi fonctionne comme une teinture pr\u00eate \u00e0 l\u2019usage et a \u00e9t\u00e9 sp\u00e9cialement con\u00e7u pour s\u2019int\u00e9grer facilement \u00e0 n\u2019importe quel soin avec un [&hellip;]<\/p>\n","protected":false},"featured_media":157973,"comment_status":"open","ping_status":"closed","template":"","meta":{"_acf_changed":false},"product_brand":[10584],"product_cat":[9978,9890,9980,9882],"product_tag":[],"class_list":{"0":"post-136533","1":"product","2":"type-product","3":"status-publish","4":"has-post-thumbnail","6":"product_brand-thuya-fr","7":"product_cat-beaute-cils-sourcils-lifting-des-sourcils","8":"product_cat-beaute-maquillage-sets","9":"product_cat-beaute-cils-sourcils-teinture","10":"product_cat-beaute-maquillage-yeux-sourcils","12":"first","13":"instock","14":"taxable","15":"shipping-taxable","16":"product-type-simple"},"acf":[],"yoast_head":"<!-- This site is optimized with the Yoast SEO plugin v27.5 - https:\/\/yoast.com\/product\/yoast-seo-wordpress\/ -->\n<title>Thuya Kit Professionnel Let&#039;s Go - Districos Webshop<\/title>\n<meta name=\"robots\" content=\"index, follow, max-snippet:-1, max-image-preview:large, max-video-preview:-1\" \/>\n<link rel=\"canonical\" href=\"https:\/\/webshop.districos.com\/fr\/product\/thuya-kit-professionnel-lets-go-ref-7019-39\/\" \/>\n<meta property=\"og:locale\" content=\"fr_FR\" \/>\n<meta property=\"og:type\" content=\"article\" \/>\n<meta property=\"og:title\" content=\"Thuya Kit Professionnel Let&#039;s Go - Districos Webshop\" \/>\n<meta property=\"og:description\" content=\"Thuya Kit Professionnel Let&rsquo;s Go &#8211; Maquillage Semi-Permanent pour les Sourcils D\u00e9couvrez le Let&rsquo;s Go Dye de Thuya : la toute derni\u00e8re innovation pour sublimer vos sourcils durablement\u202f! Ce maquillage semi-permanent pr\u00eat \u00e0 l\u2019emploi fonctionne comme une teinture pr\u00eate \u00e0 l\u2019usage et a \u00e9t\u00e9 sp\u00e9cialement con\u00e7u pour s\u2019int\u00e9grer facilement \u00e0 n\u2019importe quel soin avec un [&hellip;]\" \/>\n<meta property=\"og:url\" content=\"https:\/\/webshop.districos.com\/fr\/product\/thuya-kit-professionnel-lets-go-ref-7019-39\/\" \/>\n<meta property=\"og:site_name\" content=\"Districos Webshop\" \/>\n<meta property=\"article:publisher\" content=\"https:\/\/www.facebook.com\/Districos\/\" \/>\n<meta property=\"article:modified_time\" content=\"2026-05-03T20:06:51+00:00\" \/>\n<meta property=\"og:image\" content=\"https:\/\/webshop.districos.com\/wp-content\/uploads\/2026\/05\/7019.39@Thuya-Professionele-Lets-Go-Kit_1-1.png\" \/>\n\t<meta property=\"og:image:width\" content=\"600\" \/>\n\t<meta property=\"og:image:height\" content=\"600\" \/>\n\t<meta property=\"og:image:type\" content=\"image\/png\" \/>\n<meta name=\"twitter:card\" content=\"summary_large_image\" \/>\n<meta name=\"twitter:label1\" content=\"Dur\u00e9e de lecture estim\u00e9e\" \/>\n\t<meta name=\"twitter:data1\" content=\"2 minutes\" \/>\n<script type=\"application\/ld+json\" class=\"yoast-schema-graph\">{\"@context\":\"https:\\\/\\\/schema.org\",\"@graph\":[{\"@type\":\"WebPage\",\"@id\":\"https:\\\/\\\/webshop.districos.com\\\/fr\\\/product\\\/thuya-kit-professionnel-lets-go-ref-7019-39\\\/\",\"url\":\"https:\\\/\\\/webshop.districos.com\\\/fr\\\/product\\\/thuya-kit-professionnel-lets-go-ref-7019-39\\\/\",\"name\":\"Thuya Kit Professionnel Let's Go - Districos Webshop\",\"isPartOf\":{\"@id\":\"https:\\\/\\\/webshop.districos.com\\\/fr\\\/#website\"},\"primaryImageOfPage\":{\"@id\":\"https:\\\/\\\/webshop.districos.com\\\/fr\\\/product\\\/thuya-kit-professionnel-lets-go-ref-7019-39\\\/#primaryimage\"},\"image\":{\"@id\":\"https:\\\/\\\/webshop.districos.com\\\/fr\\\/product\\\/thuya-kit-professionnel-lets-go-ref-7019-39\\\/#primaryimage\"},\"thumbnailUrl\":\"https:\\\/\\\/webshop.districos.com\\\/wp-content\\\/uploads\\\/2026\\\/05\\\/7019.39@Thuya-Professionele-Lets-Go-Kit_1-1.png\",\"datePublished\":\"2026-05-03T20:06:50+00:00\",\"dateModified\":\"2026-05-03T20:06:51+00:00\",\"breadcrumb\":{\"@id\":\"https:\\\/\\\/webshop.districos.com\\\/fr\\\/product\\\/thuya-kit-professionnel-lets-go-ref-7019-39\\\/#breadcrumb\"},\"inLanguage\":\"fr-FR\",\"potentialAction\":[{\"@type\":\"ReadAction\",\"target\":[\"https:\\\/\\\/webshop.districos.com\\\/fr\\\/product\\\/thuya-kit-professionnel-lets-go-ref-7019-39\\\/\"]}]},{\"@type\":\"ImageObject\",\"inLanguage\":\"fr-FR\",\"@id\":\"https:\\\/\\\/webshop.districos.com\\\/fr\\\/product\\\/thuya-kit-professionnel-lets-go-ref-7019-39\\\/#primaryimage\",\"url\":\"https:\\\/\\\/webshop.districos.com\\\/wp-content\\\/uploads\\\/2026\\\/05\\\/7019.39@Thuya-Professionele-Lets-Go-Kit_1-1.png\",\"contentUrl\":\"https:\\\/\\\/webshop.districos.com\\\/wp-content\\\/uploads\\\/2026\\\/05\\\/7019.39@Thuya-Professionele-Lets-Go-Kit_1-1.png\",\"width\":600,\"height\":600},{\"@type\":\"BreadcrumbList\",\"@id\":\"https:\\\/\\\/webshop.districos.com\\\/fr\\\/product\\\/thuya-kit-professionnel-lets-go-ref-7019-39\\\/#breadcrumb\",\"itemListElement\":[{\"@type\":\"ListItem\",\"position\":1,\"name\":\"Home\",\"item\":\"https:\\\/\\\/webshop.districos.com\\\/fr\\\/bienvenue-chez-districos\\\/\"},{\"@type\":\"ListItem\",\"position\":2,\"name\":\"Produits\",\"item\":\"https:\\\/\\\/webshop.districos.com\\\/fr\\\/shop\\\/\"},{\"@type\":\"ListItem\",\"position\":3,\"name\":\"Thuya Kit Professionnel Let&#8217;s Go\"}]},{\"@type\":\"WebSite\",\"@id\":\"https:\\\/\\\/webshop.districos.com\\\/fr\\\/#website\",\"url\":\"https:\\\/\\\/webshop.districos.com\\\/fr\\\/\",\"name\":\"Districos Webshop\",\"description\":\"De Belgische groothandel voor professionele schoonheidsspecialisten, gespecialiseerde voetverzorgers, podologen en studenten.\",\"publisher\":{\"@id\":\"https:\\\/\\\/webshop.districos.com\\\/fr\\\/#organization\"},\"potentialAction\":[{\"@type\":\"SearchAction\",\"target\":{\"@type\":\"EntryPoint\",\"urlTemplate\":\"https:\\\/\\\/webshop.districos.com\\\/fr\\\/?s={search_term_string}\"},\"query-input\":{\"@type\":\"PropertyValueSpecification\",\"valueRequired\":true,\"valueName\":\"search_term_string\"}}],\"inLanguage\":\"fr-FR\"},{\"@type\":\"Organization\",\"@id\":\"https:\\\/\\\/webshop.districos.com\\\/fr\\\/#organization\",\"name\":\"Districos\",\"url\":\"https:\\\/\\\/webshop.districos.com\\\/fr\\\/\",\"logo\":{\"@type\":\"ImageObject\",\"inLanguage\":\"fr-FR\",\"@id\":\"https:\\\/\\\/webshop.districos.com\\\/fr\\\/#\\\/schema\\\/logo\\\/image\\\/\",\"url\":\"https:\\\/\\\/webshop.districos.com\\\/wp-content\\\/uploads\\\/2022\\\/09\\\/Favicon-Districos.png\",\"contentUrl\":\"https:\\\/\\\/webshop.districos.com\\\/wp-content\\\/uploads\\\/2022\\\/09\\\/Favicon-Districos.png\",\"width\":982,\"height\":982,\"caption\":\"Districos\"},\"image\":{\"@id\":\"https:\\\/\\\/webshop.districos.com\\\/fr\\\/#\\\/schema\\\/logo\\\/image\\\/\"},\"sameAs\":[\"https:\\\/\\\/www.facebook.com\\\/Districos\\\/\"]}]}<\/script>\n<!-- \/ Yoast SEO plugin. -->","yoast_head_json":{"title":"Thuya Kit Professionnel Let's Go - Districos Webshop","robots":{"index":"index","follow":"follow","max-snippet":"max-snippet:-1","max-image-preview":"max-image-preview:large","max-video-preview":"max-video-preview:-1"},"canonical":"https:\/\/webshop.districos.com\/fr\/product\/thuya-kit-professionnel-lets-go-ref-7019-39\/","og_locale":"fr_FR","og_type":"article","og_title":"Thuya Kit Professionnel Let's Go - Districos Webshop","og_description":"Thuya Kit Professionnel Let&rsquo;s Go &#8211; Maquillage Semi-Permanent pour les Sourcils D\u00e9couvrez le Let&rsquo;s Go Dye de Thuya : la toute derni\u00e8re innovation pour sublimer vos sourcils durablement\u202f! Ce maquillage semi-permanent pr\u00eat \u00e0 l\u2019emploi fonctionne comme une teinture pr\u00eate \u00e0 l\u2019usage et a \u00e9t\u00e9 sp\u00e9cialement con\u00e7u pour s\u2019int\u00e9grer facilement \u00e0 n\u2019importe quel soin avec un [&hellip;]","og_url":"https:\/\/webshop.districos.com\/fr\/product\/thuya-kit-professionnel-lets-go-ref-7019-39\/","og_site_name":"Districos Webshop","article_publisher":"https:\/\/www.facebook.com\/Districos\/","article_modified_time":"2026-05-03T20:06:51+00:00","og_image":[{"width":600,"height":600,"url":"https:\/\/webshop.districos.com\/wp-content\/uploads\/2026\/05\/7019.39@Thuya-Professionele-Lets-Go-Kit_1-1.png","type":"image\/png"}],"twitter_card":"summary_large_image","twitter_misc":{"Dur\u00e9e de lecture estim\u00e9e":"2 minutes"},"schema":{"@context":"https:\/\/schema.org","@graph":[{"@type":"WebPage","@id":"https:\/\/webshop.districos.com\/fr\/product\/thuya-kit-professionnel-lets-go-ref-7019-39\/","url":"https:\/\/webshop.districos.com\/fr\/product\/thuya-kit-professionnel-lets-go-ref-7019-39\/","name":"Thuya Kit Professionnel Let's Go - Districos Webshop","isPartOf":{"@id":"https:\/\/webshop.districos.com\/fr\/#website"},"primaryImageOfPage":{"@id":"https:\/\/webshop.districos.com\/fr\/product\/thuya-kit-professionnel-lets-go-ref-7019-39\/#primaryimage"},"image":{"@id":"https:\/\/webshop.districos.com\/fr\/product\/thuya-kit-professionnel-lets-go-ref-7019-39\/#primaryimage"},"thumbnailUrl":"https:\/\/webshop.districos.com\/wp-content\/uploads\/2026\/05\/7019.39@Thuya-Professionele-Lets-Go-Kit_1-1.png","datePublished":"2026-05-03T20:06:50+00:00","dateModified":"2026-05-03T20:06:51+00:00","breadcrumb":{"@id":"https:\/\/webshop.districos.com\/fr\/product\/thuya-kit-professionnel-lets-go-ref-7019-39\/#breadcrumb"},"inLanguage":"fr-FR","potentialAction":[{"@type":"ReadAction","target":["https:\/\/webshop.districos.com\/fr\/product\/thuya-kit-professionnel-lets-go-ref-7019-39\/"]}]},{"@type":"ImageObject","inLanguage":"fr-FR","@id":"https:\/\/webshop.districos.com\/fr\/product\/thuya-kit-professionnel-lets-go-ref-7019-39\/#primaryimage","url":"https:\/\/webshop.districos.com\/wp-content\/uploads\/2026\/05\/7019.39@Thuya-Professionele-Lets-Go-Kit_1-1.png","contentUrl":"https:\/\/webshop.districos.com\/wp-content\/uploads\/2026\/05\/7019.39@Thuya-Professionele-Lets-Go-Kit_1-1.png","width":600,"height":600},{"@type":"BreadcrumbList","@id":"https:\/\/webshop.districos.com\/fr\/product\/thuya-kit-professionnel-lets-go-ref-7019-39\/#breadcrumb","itemListElement":[{"@type":"ListItem","position":1,"name":"Home","item":"https:\/\/webshop.districos.com\/fr\/bienvenue-chez-districos\/"},{"@type":"ListItem","position":2,"name":"Produits","item":"https:\/\/webshop.districos.com\/fr\/shop\/"},{"@type":"ListItem","position":3,"name":"Thuya Kit Professionnel Let&#8217;s Go"}]},{"@type":"WebSite","@id":"https:\/\/webshop.districos.com\/fr\/#website","url":"https:\/\/webshop.districos.com\/fr\/","name":"Districos Webshop","description":"De Belgische groothandel voor professionele schoonheidsspecialisten, gespecialiseerde voetverzorgers, podologen en studenten.","publisher":{"@id":"https:\/\/webshop.districos.com\/fr\/#organization"},"potentialAction":[{"@type":"SearchAction","target":{"@type":"EntryPoint","urlTemplate":"https:\/\/webshop.districos.com\/fr\/?s={search_term_string}"},"query-input":{"@type":"PropertyValueSpecification","valueRequired":true,"valueName":"search_term_string"}}],"inLanguage":"fr-FR"},{"@type":"Organization","@id":"https:\/\/webshop.districos.com\/fr\/#organization","name":"Districos","url":"https:\/\/webshop.districos.com\/fr\/","logo":{"@type":"ImageObject","inLanguage":"fr-FR","@id":"https:\/\/webshop.districos.com\/fr\/#\/schema\/logo\/image\/","url":"https:\/\/webshop.districos.com\/wp-content\/uploads\/2022\/09\/Favicon-Districos.png","contentUrl":"https:\/\/webshop.districos.com\/wp-content\/uploads\/2022\/09\/Favicon-Districos.png","width":982,"height":982,"caption":"Districos"},"image":{"@id":"https:\/\/webshop.districos.com\/fr\/#\/schema\/logo\/image\/"},"sameAs":["https:\/\/www.facebook.com\/Districos\/"]}]}},"_links":{"self":[{"href":"https:\/\/webshop.districos.com\/fr\/wp-json\/wp\/v2\/product\/136533","targetHints":{"allow":["GET"]}}],"collection":[{"href":"https:\/\/webshop.districos.com\/fr\/wp-json\/wp\/v2\/product"}],"about":[{"href":"https:\/\/webshop.districos.com\/fr\/wp-json\/wp\/v2\/types\/product"}],"replies":[{"embeddable":true,"href":"https:\/\/webshop.districos.com\/fr\/wp-json\/wp\/v2\/comments?post=136533"}],"wp:featuredmedia":[{"embeddable":true,"href":"https:\/\/webshop.districos.com\/fr\/wp-json\/wp\/v2\/media\/157973"}],"wp:attachment":[{"href":"https:\/\/webshop.districos.com\/fr\/wp-json\/wp\/v2\/media?parent=136533"}],"wp:term":[{"taxonomy":"product_brand","embeddable":true,"href":"https:\/\/webshop.districos.com\/fr\/wp-json\/wp\/v2\/product_brand?post=136533"},{"taxonomy":"product_cat","embeddable":true,"href":"https:\/\/webshop.districos.com\/fr\/wp-json\/wp\/v2\/product_cat?post=136533"},{"taxonomy":"product_tag","embeddable":true,"href":"https:\/\/webshop.districos.com\/fr\/wp-json\/wp\/v2\/product_tag?post=136533"}],"curies":[{"name":"wp","href":"https:\/\/api.w.org\/{rel}","templated":true}]}}