{"id":136629,"date":"2026-05-03T23:36:50","date_gmt":"2026-05-03T21:36:50","guid":{"rendered":"https:\/\/webshopdistricoscom.webhosting.be\/product\/cobra-patches-hydrogel-contour-fit-5-paires-eco-ref-7035-067\/"},"modified":"2026-05-03T23:36:50","modified_gmt":"2026-05-03T21:36:50","slug":"cobra-patches-hydrogel-contour-fit-5-paires-eco-ref-7035-067","status":"publish","type":"product","link":"https:\/\/webshop.districos.com\/fr\/product\/cobra-patches-hydrogel-contour-fit-5-paires-eco-ref-7035-067\/","title":{"rendered":"Cobra Patches Hydrogel Contour Fit 5 paires ECO"},"content":{"rendered":"<p >\n<\/p>\n<\/p>\n<\/p>\n<\/p>\n<p><span>Le Patch Hydrogel pour les yeux Cobra n&rsquo;est pas seulement un produit id\u00e9al pour prendre soin de la peau sensible sous les yeux,&nbsp;<o:p><\/o:p><\/span><span>mais il est \u00e9galement adapt\u00e9 pour prot\u00e9ger la peau de la pointe de vos pinces lors de la pose d&rsquo;extensions de cils et pour couvrir les cils inf\u00e9rieurs.<\/span><\/p>\n<p><span><b>Avantages des Patchs Hydrogel :<\/b><o:p><\/o:p><\/span><\/p>\n<\/p>\n<ul>\n<li><span>Ne peluche pas<\/span><\/li>\n<li><span>Auto-adh\u00e9sif<\/span><\/li>\n<li><span>Ne laisse pas de r\u00e9sidus adh\u00e9sifs sur la peau<\/span><\/li>\n<li><span>Excellente adh\u00e9rence sur la peau<\/span><\/li>\n<li><span>Nourrit et prot\u00e8ge la peau sensible autour des yeux<\/span><\/li>\n<li><span>Disponible en 2 formes diff\u00e9rentes (Classic Fit \/Contour Fit)<\/span><\/li>\n<li><span>Produit de vente id\u00e9al<\/span><\/li>\n<li><span>CONSEIL : Conservez-les au r\u00e9frig\u00e9rateur et appliquez les patchs rafra\u00eechissants sous vos yeux pour r\u00e9duire les gonflements et la r\u00e9tention d&rsquo;eau, afin d&rsquo;obtenir un regard frais et lumineux.<\/span><\/li>\n<\/ul>\n<p><span><b>Emballage :<\/b>&nbsp;5 paires de patchs pour les yeux (Contour Fit)<o:p><\/o:p><\/span><\/p>\n<p><span><b>Ingr\u00e9dients principaux :<\/b><o:p><\/o:p><\/span><\/p>\n<\/p>\n<ul>\n<li><span>\u00c9lastine : aide \u00e0 am\u00e9liorer l&rsquo;\u00e9lasticit\u00e9 de la peau.<\/span><\/li>\n<li><span>Acide hyaluronique : a la capacit\u00e9 d&rsquo;attirer et de retenir l&rsquo;eau, ce qui hydrate la peau et lui donne du volume. Cela peut aider \u00e0 r\u00e9duire les ridules et les rides, ainsi qu&rsquo;\u00e0 am\u00e9liorer l&rsquo;hydratation et la texture globale de la peau.<\/span><\/li>\n<li><span>Ubiquinone : aide \u00e0 la production d&rsquo;\u00e9nergie des cellules et poss\u00e8de des propri\u00e9t\u00e9s antioxydantes.<\/span><\/li>\n<\/ul>\n<p><span><b>\u00c9galement disponible :<\/b><o:p><\/o:p><\/span><\/p>\n<\/p>\n<ul>\n<li><span>Cobra Patches Hydrogel Classic Fit 5 paires (<a href=\"https:\/\/webshop.districos.com\/ProductDetail\/7035.065\">r\u00e9f. 7035.065<\/a>)<\/span><\/li>\n<li><span>Cobra Patches Hydrogel Classic Fit 100 paires (<a href=\"https:\/\/webshop.districos.com\/ProductDetail\/7035.066\">r\u00e9f. 7035.066<\/a>)<\/span><\/li>\n<li><span>Cobra Patches Hydrogel Contour Fit 100 paires (<a href=\"https:\/\/webshop.districos.com\/ProductDetail\/7035.068\">r\u00e9f. 7035.068<\/a>)<\/span><\/li>\n<\/ul>\n<p> <\/p>\n","protected":false},"excerpt":{"rendered":"<p>Le Patch Hydrogel pour les yeux Cobra n&rsquo;est pas seulement un produit id\u00e9al pour prendre soin de la peau sensible sous les yeux,&nbsp;mais il est \u00e9galement adapt\u00e9 pour prot\u00e9ger la peau de la pointe de vos pinces lors de la pose d&rsquo;extensions de cils et pour couvrir les cils inf\u00e9rieurs. Avantages des Patchs Hydrogel : [&hellip;]<\/p>\n","protected":false},"featured_media":158135,"comment_status":"open","ping_status":"closed","template":"","meta":{"_acf_changed":false},"product_brand":[10338],"product_cat":[9984,9982],"product_tag":[],"class_list":{"0":"post-136629","1":"product","2":"type-product","3":"status-publish","4":"has-post-thumbnail","6":"product_brand-cobra-lashes-fr","7":"product_cat-beaute-cils-sourcils-accessoires","8":"product_cat-beaute-cils-sourcils-extension-des-cils","10":"first","11":"instock","12":"taxable","13":"shipping-taxable","14":"product-type-simple"},"acf":[],"yoast_head":"<!-- This site is optimized with the Yoast SEO plugin v27.5 - https:\/\/yoast.com\/product\/yoast-seo-wordpress\/ -->\n<title>Cobra Patches Hydrogel Contour Fit 5 paires ECO - Districos Webshop<\/title>\n<meta name=\"robots\" content=\"index, follow, max-snippet:-1, max-image-preview:large, max-video-preview:-1\" \/>\n<link rel=\"canonical\" href=\"https:\/\/webshop.districos.com\/fr\/product\/cobra-patches-hydrogel-contour-fit-5-paires-eco-ref-7035-067\/\" \/>\n<meta property=\"og:locale\" content=\"fr_FR\" \/>\n<meta property=\"og:type\" content=\"article\" \/>\n<meta property=\"og:title\" content=\"Cobra Patches Hydrogel Contour Fit 5 paires ECO - Districos Webshop\" \/>\n<meta property=\"og:description\" content=\"Le Patch Hydrogel pour les yeux Cobra n&rsquo;est pas seulement un produit id\u00e9al pour prendre soin de la peau sensible sous les yeux,&nbsp;mais il est \u00e9galement adapt\u00e9 pour prot\u00e9ger la peau de la pointe de vos pinces lors de la pose d&rsquo;extensions de cils et pour couvrir les cils inf\u00e9rieurs. Avantages des Patchs Hydrogel : [&hellip;]\" \/>\n<meta property=\"og:url\" content=\"https:\/\/webshop.districos.com\/fr\/product\/cobra-patches-hydrogel-contour-fit-5-paires-eco-ref-7035-067\/\" \/>\n<meta property=\"og:site_name\" content=\"Districos Webshop\" \/>\n<meta property=\"article:publisher\" content=\"https:\/\/www.facebook.com\/Districos\/\" \/>\n<meta property=\"og:image\" content=\"https:\/\/webshop.districos.com\/wp-content\/uploads\/2026\/05\/7035.067@Cobra-Hydrogel-Oogpatches-Contour-Fit-5-paar_1-1.png\" \/>\n\t<meta property=\"og:image:width\" content=\"600\" \/>\n\t<meta property=\"og:image:height\" content=\"600\" \/>\n\t<meta property=\"og:image:type\" content=\"image\/png\" \/>\n<meta name=\"twitter:card\" content=\"summary_large_image\" \/>\n<meta name=\"twitter:label1\" content=\"Dur\u00e9e de lecture estim\u00e9e\" \/>\n\t<meta name=\"twitter:data1\" content=\"1 minute\" \/>\n<script type=\"application\/ld+json\" class=\"yoast-schema-graph\">{\"@context\":\"https:\\\/\\\/schema.org\",\"@graph\":[{\"@type\":\"WebPage\",\"@id\":\"https:\\\/\\\/webshop.districos.com\\\/fr\\\/product\\\/cobra-patches-hydrogel-contour-fit-5-paires-eco-ref-7035-067\\\/\",\"url\":\"https:\\\/\\\/webshop.districos.com\\\/fr\\\/product\\\/cobra-patches-hydrogel-contour-fit-5-paires-eco-ref-7035-067\\\/\",\"name\":\"Cobra Patches Hydrogel Contour Fit 5 paires ECO - Districos Webshop\",\"isPartOf\":{\"@id\":\"https:\\\/\\\/webshop.districos.com\\\/fr\\\/#website\"},\"primaryImageOfPage\":{\"@id\":\"https:\\\/\\\/webshop.districos.com\\\/fr\\\/product\\\/cobra-patches-hydrogel-contour-fit-5-paires-eco-ref-7035-067\\\/#primaryimage\"},\"image\":{\"@id\":\"https:\\\/\\\/webshop.districos.com\\\/fr\\\/product\\\/cobra-patches-hydrogel-contour-fit-5-paires-eco-ref-7035-067\\\/#primaryimage\"},\"thumbnailUrl\":\"https:\\\/\\\/webshop.districos.com\\\/wp-content\\\/uploads\\\/2026\\\/05\\\/7035.067@Cobra-Hydrogel-Oogpatches-Contour-Fit-5-paar_1-1.png\",\"datePublished\":\"2026-05-03T21:36:50+00:00\",\"breadcrumb\":{\"@id\":\"https:\\\/\\\/webshop.districos.com\\\/fr\\\/product\\\/cobra-patches-hydrogel-contour-fit-5-paires-eco-ref-7035-067\\\/#breadcrumb\"},\"inLanguage\":\"fr-FR\",\"potentialAction\":[{\"@type\":\"ReadAction\",\"target\":[\"https:\\\/\\\/webshop.districos.com\\\/fr\\\/product\\\/cobra-patches-hydrogel-contour-fit-5-paires-eco-ref-7035-067\\\/\"]}]},{\"@type\":\"ImageObject\",\"inLanguage\":\"fr-FR\",\"@id\":\"https:\\\/\\\/webshop.districos.com\\\/fr\\\/product\\\/cobra-patches-hydrogel-contour-fit-5-paires-eco-ref-7035-067\\\/#primaryimage\",\"url\":\"https:\\\/\\\/webshop.districos.com\\\/wp-content\\\/uploads\\\/2026\\\/05\\\/7035.067@Cobra-Hydrogel-Oogpatches-Contour-Fit-5-paar_1-1.png\",\"contentUrl\":\"https:\\\/\\\/webshop.districos.com\\\/wp-content\\\/uploads\\\/2026\\\/05\\\/7035.067@Cobra-Hydrogel-Oogpatches-Contour-Fit-5-paar_1-1.png\",\"width\":600,\"height\":600},{\"@type\":\"BreadcrumbList\",\"@id\":\"https:\\\/\\\/webshop.districos.com\\\/fr\\\/product\\\/cobra-patches-hydrogel-contour-fit-5-paires-eco-ref-7035-067\\\/#breadcrumb\",\"itemListElement\":[{\"@type\":\"ListItem\",\"position\":1,\"name\":\"Home\",\"item\":\"https:\\\/\\\/webshop.districos.com\\\/fr\\\/bienvenue-chez-districos\\\/\"},{\"@type\":\"ListItem\",\"position\":2,\"name\":\"Produits\",\"item\":\"https:\\\/\\\/webshop.districos.com\\\/fr\\\/shop\\\/\"},{\"@type\":\"ListItem\",\"position\":3,\"name\":\"Cobra Patches Hydrogel Contour Fit 5 paires ECO\"}]},{\"@type\":\"WebSite\",\"@id\":\"https:\\\/\\\/webshop.districos.com\\\/fr\\\/#website\",\"url\":\"https:\\\/\\\/webshop.districos.com\\\/fr\\\/\",\"name\":\"Districos Webshop\",\"description\":\"De Belgische groothandel voor professionele schoonheidsspecialisten, gespecialiseerde voetverzorgers, podologen en studenten.\",\"publisher\":{\"@id\":\"https:\\\/\\\/webshop.districos.com\\\/fr\\\/#organization\"},\"potentialAction\":[{\"@type\":\"SearchAction\",\"target\":{\"@type\":\"EntryPoint\",\"urlTemplate\":\"https:\\\/\\\/webshop.districos.com\\\/fr\\\/?s={search_term_string}\"},\"query-input\":{\"@type\":\"PropertyValueSpecification\",\"valueRequired\":true,\"valueName\":\"search_term_string\"}}],\"inLanguage\":\"fr-FR\"},{\"@type\":\"Organization\",\"@id\":\"https:\\\/\\\/webshop.districos.com\\\/fr\\\/#organization\",\"name\":\"Districos\",\"url\":\"https:\\\/\\\/webshop.districos.com\\\/fr\\\/\",\"logo\":{\"@type\":\"ImageObject\",\"inLanguage\":\"fr-FR\",\"@id\":\"https:\\\/\\\/webshop.districos.com\\\/fr\\\/#\\\/schema\\\/logo\\\/image\\\/\",\"url\":\"https:\\\/\\\/webshop.districos.com\\\/wp-content\\\/uploads\\\/2022\\\/09\\\/Favicon-Districos.png\",\"contentUrl\":\"https:\\\/\\\/webshop.districos.com\\\/wp-content\\\/uploads\\\/2022\\\/09\\\/Favicon-Districos.png\",\"width\":982,\"height\":982,\"caption\":\"Districos\"},\"image\":{\"@id\":\"https:\\\/\\\/webshop.districos.com\\\/fr\\\/#\\\/schema\\\/logo\\\/image\\\/\"},\"sameAs\":[\"https:\\\/\\\/www.facebook.com\\\/Districos\\\/\"]}]}<\/script>\n<!-- \/ Yoast SEO plugin. -->","yoast_head_json":{"title":"Cobra Patches Hydrogel Contour Fit 5 paires ECO - Districos Webshop","robots":{"index":"index","follow":"follow","max-snippet":"max-snippet:-1","max-image-preview":"max-image-preview:large","max-video-preview":"max-video-preview:-1"},"canonical":"https:\/\/webshop.districos.com\/fr\/product\/cobra-patches-hydrogel-contour-fit-5-paires-eco-ref-7035-067\/","og_locale":"fr_FR","og_type":"article","og_title":"Cobra Patches Hydrogel Contour Fit 5 paires ECO - Districos Webshop","og_description":"Le Patch Hydrogel pour les yeux Cobra n&rsquo;est pas seulement un produit id\u00e9al pour prendre soin de la peau sensible sous les yeux,&nbsp;mais il est \u00e9galement adapt\u00e9 pour prot\u00e9ger la peau de la pointe de vos pinces lors de la pose d&rsquo;extensions de cils et pour couvrir les cils inf\u00e9rieurs. Avantages des Patchs Hydrogel : [&hellip;]","og_url":"https:\/\/webshop.districos.com\/fr\/product\/cobra-patches-hydrogel-contour-fit-5-paires-eco-ref-7035-067\/","og_site_name":"Districos Webshop","article_publisher":"https:\/\/www.facebook.com\/Districos\/","og_image":[{"width":600,"height":600,"url":"https:\/\/webshop.districos.com\/wp-content\/uploads\/2026\/05\/7035.067@Cobra-Hydrogel-Oogpatches-Contour-Fit-5-paar_1-1.png","type":"image\/png"}],"twitter_card":"summary_large_image","twitter_misc":{"Dur\u00e9e de lecture estim\u00e9e":"1 minute"},"schema":{"@context":"https:\/\/schema.org","@graph":[{"@type":"WebPage","@id":"https:\/\/webshop.districos.com\/fr\/product\/cobra-patches-hydrogel-contour-fit-5-paires-eco-ref-7035-067\/","url":"https:\/\/webshop.districos.com\/fr\/product\/cobra-patches-hydrogel-contour-fit-5-paires-eco-ref-7035-067\/","name":"Cobra Patches Hydrogel Contour Fit 5 paires ECO - Districos Webshop","isPartOf":{"@id":"https:\/\/webshop.districos.com\/fr\/#website"},"primaryImageOfPage":{"@id":"https:\/\/webshop.districos.com\/fr\/product\/cobra-patches-hydrogel-contour-fit-5-paires-eco-ref-7035-067\/#primaryimage"},"image":{"@id":"https:\/\/webshop.districos.com\/fr\/product\/cobra-patches-hydrogel-contour-fit-5-paires-eco-ref-7035-067\/#primaryimage"},"thumbnailUrl":"https:\/\/webshop.districos.com\/wp-content\/uploads\/2026\/05\/7035.067@Cobra-Hydrogel-Oogpatches-Contour-Fit-5-paar_1-1.png","datePublished":"2026-05-03T21:36:50+00:00","breadcrumb":{"@id":"https:\/\/webshop.districos.com\/fr\/product\/cobra-patches-hydrogel-contour-fit-5-paires-eco-ref-7035-067\/#breadcrumb"},"inLanguage":"fr-FR","potentialAction":[{"@type":"ReadAction","target":["https:\/\/webshop.districos.com\/fr\/product\/cobra-patches-hydrogel-contour-fit-5-paires-eco-ref-7035-067\/"]}]},{"@type":"ImageObject","inLanguage":"fr-FR","@id":"https:\/\/webshop.districos.com\/fr\/product\/cobra-patches-hydrogel-contour-fit-5-paires-eco-ref-7035-067\/#primaryimage","url":"https:\/\/webshop.districos.com\/wp-content\/uploads\/2026\/05\/7035.067@Cobra-Hydrogel-Oogpatches-Contour-Fit-5-paar_1-1.png","contentUrl":"https:\/\/webshop.districos.com\/wp-content\/uploads\/2026\/05\/7035.067@Cobra-Hydrogel-Oogpatches-Contour-Fit-5-paar_1-1.png","width":600,"height":600},{"@type":"BreadcrumbList","@id":"https:\/\/webshop.districos.com\/fr\/product\/cobra-patches-hydrogel-contour-fit-5-paires-eco-ref-7035-067\/#breadcrumb","itemListElement":[{"@type":"ListItem","position":1,"name":"Home","item":"https:\/\/webshop.districos.com\/fr\/bienvenue-chez-districos\/"},{"@type":"ListItem","position":2,"name":"Produits","item":"https:\/\/webshop.districos.com\/fr\/shop\/"},{"@type":"ListItem","position":3,"name":"Cobra Patches Hydrogel Contour Fit 5 paires ECO"}]},{"@type":"WebSite","@id":"https:\/\/webshop.districos.com\/fr\/#website","url":"https:\/\/webshop.districos.com\/fr\/","name":"Districos Webshop","description":"De Belgische groothandel voor professionele schoonheidsspecialisten, gespecialiseerde voetverzorgers, podologen en studenten.","publisher":{"@id":"https:\/\/webshop.districos.com\/fr\/#organization"},"potentialAction":[{"@type":"SearchAction","target":{"@type":"EntryPoint","urlTemplate":"https:\/\/webshop.districos.com\/fr\/?s={search_term_string}"},"query-input":{"@type":"PropertyValueSpecification","valueRequired":true,"valueName":"search_term_string"}}],"inLanguage":"fr-FR"},{"@type":"Organization","@id":"https:\/\/webshop.districos.com\/fr\/#organization","name":"Districos","url":"https:\/\/webshop.districos.com\/fr\/","logo":{"@type":"ImageObject","inLanguage":"fr-FR","@id":"https:\/\/webshop.districos.com\/fr\/#\/schema\/logo\/image\/","url":"https:\/\/webshop.districos.com\/wp-content\/uploads\/2022\/09\/Favicon-Districos.png","contentUrl":"https:\/\/webshop.districos.com\/wp-content\/uploads\/2022\/09\/Favicon-Districos.png","width":982,"height":982,"caption":"Districos"},"image":{"@id":"https:\/\/webshop.districos.com\/fr\/#\/schema\/logo\/image\/"},"sameAs":["https:\/\/www.facebook.com\/Districos\/"]}]}},"_links":{"self":[{"href":"https:\/\/webshop.districos.com\/fr\/wp-json\/wp\/v2\/product\/136629","targetHints":{"allow":["GET"]}}],"collection":[{"href":"https:\/\/webshop.districos.com\/fr\/wp-json\/wp\/v2\/product"}],"about":[{"href":"https:\/\/webshop.districos.com\/fr\/wp-json\/wp\/v2\/types\/product"}],"replies":[{"embeddable":true,"href":"https:\/\/webshop.districos.com\/fr\/wp-json\/wp\/v2\/comments?post=136629"}],"wp:featuredmedia":[{"embeddable":true,"href":"https:\/\/webshop.districos.com\/fr\/wp-json\/wp\/v2\/media\/158135"}],"wp:attachment":[{"href":"https:\/\/webshop.districos.com\/fr\/wp-json\/wp\/v2\/media?parent=136629"}],"wp:term":[{"taxonomy":"product_brand","embeddable":true,"href":"https:\/\/webshop.districos.com\/fr\/wp-json\/wp\/v2\/product_brand?post=136629"},{"taxonomy":"product_cat","embeddable":true,"href":"https:\/\/webshop.districos.com\/fr\/wp-json\/wp\/v2\/product_cat?post=136629"},{"taxonomy":"product_tag","embeddable":true,"href":"https:\/\/webshop.districos.com\/fr\/wp-json\/wp\/v2\/product_tag?post=136629"}],"curies":[{"name":"wp","href":"https:\/\/api.w.org\/{rel}","templated":true}]}}