{"id":136841,"date":"2026-05-04T03:31:12","date_gmt":"2026-05-04T01:31:12","guid":{"rendered":"https:\/\/webshopdistricoscom.webhosting.be\/product\/bio-balance-set-dessai-bougies-de-massage-3-parfums-ref-7059-41\/"},"modified":"2026-05-04T03:31:15","modified_gmt":"2026-05-04T01:31:15","slug":"bio-balance-set-dessai-bougies-de-massage-3-parfums-ref-7059-41","status":"publish","type":"product","link":"https:\/\/webshop.districos.com\/fr\/product\/bio-balance-set-dessai-bougies-de-massage-3-parfums-ref-7059-41\/","title":{"rendered":"Bio Balance Set d&rsquo;Essai Bougies de Massage 3 Parfums"},"content":{"rendered":"<p >\n<\/p>\n<p><font face=\"Verdana\"><b>G\u00e2tez votre client(e) avec une bougie de massage merveilleusement parfum\u00e9e !<\/b><\/font><\/p>\n<p><font size=\"2\"><\/font><\/p>\n<p dir=\"ltr\"><font size=\"2\"><\/font><\/p>\n<p><font size=\"2\"><\/font><\/p>\n<p><font size=\"2\"><\/font><\/p>\n<div>Une fois allum\u00e9e, cette bougie unique se transforme en une huile de massage hydratante et 100 % naturelle pour un massage agr\u00e9ablement chaud. La peau sera tr\u00e8s douce et souple au toucher.<\/div>\n<div>\n<ul>\n<li><b>Set avec 3 parfums : Ananas\/Mangue + Th\u00e9 Blanc + Ylang-ylang\/Patchouli.<\/b><\/li>\n<li>Ne contient pas de paraffine.<\/li>\n<li>Emballage : 3 x 160 g.<\/li>\n<\/ul>\n<div><b>Aussi disponible<\/b><\/div>\n<\/div>\n<div>\n<ul>\n<li>Bougie de Massage Ananas\/Mangue 160 g (<u><a href=\"https:\/\/districos.com\/ProductDetail\/7059.01\" target=\"_blank\" rel=\"noopener noreferrer nofollow\">r\u00e9f. 7059.01<\/a><\/u>)<\/li>\n<li>Bougie de Massage Noix de Coco 160 g (<u><a href=\"https:\/\/districos.com\/ProductDetail\/7059.02\" target=\"_blank\" rel=\"noopener noreferrer nofollow\">r\u00e9f. 7059.02<\/a><\/u>)<\/li>\n<li>Bougie de Massage Th\u00e9 Blanc 160 g (<u><a href=\"https:\/\/districos.com\/ProductDetail\/7059.03\" target=\"_blank\" rel=\"noopener noreferrer nofollow\">r\u00e9f. 7059.03<\/a><\/u>)<\/li>\n<li>Bougie de Massage Ylang-ylang\/Patchouli 160 g (<u><a href=\"https:\/\/districos.com\/ProductDetail\/7059.04\" target=\"_blank\" rel=\"noopener noreferrer nofollow\">r\u00e9f. 7059.04<\/a><\/u>)<\/li>\n<\/ul>\n<\/div>\n<p dir=\"ltr\"><\/p>\n","protected":false},"excerpt":{"rendered":"<p>G\u00e2tez votre client(e) avec une bougie de massage merveilleusement parfum\u00e9e ! Une fois allum\u00e9e, cette bougie unique se transforme en une huile de massage hydratante et 100 % naturelle pour un massage agr\u00e9ablement chaud. La peau sera tr\u00e8s douce et souple au toucher. Set avec 3 parfums : Ananas\/Mangue + Th\u00e9 Blanc + Ylang-ylang\/Patchouli. Ne [&hellip;]<\/p>\n","protected":false},"featured_media":77224,"comment_status":"open","ping_status":"closed","template":"","meta":{"_acf_changed":false},"product_brand":[10302],"product_cat":[9874,9868],"product_tag":[],"class_list":{"0":"post-136841","1":"product","2":"type-product","3":"status-publish","4":"has-post-thumbnail","6":"product_brand-bb-lichaam-fr","7":"product_cat-beaute-corps-massage","8":"product_cat-beaute-corps-soins-du-corps","10":"first","11":"instock","12":"taxable","13":"shipping-taxable","14":"product-type-simple"},"acf":[],"yoast_head":"<!-- This site is optimized with the Yoast SEO plugin v27.5 - https:\/\/yoast.com\/product\/yoast-seo-wordpress\/ -->\n<title>Bio Balance Set d&#039;Essai Bougies de Massage 3 Parfums - Districos Webshop<\/title>\n<meta name=\"robots\" content=\"index, follow, max-snippet:-1, max-image-preview:large, max-video-preview:-1\" \/>\n<link rel=\"canonical\" href=\"https:\/\/webshop.districos.com\/fr\/product\/bio-balance-set-dessai-bougies-de-massage-3-parfums-ref-7059-41\/\" \/>\n<meta property=\"og:locale\" content=\"fr_FR\" \/>\n<meta property=\"og:type\" content=\"article\" \/>\n<meta property=\"og:title\" content=\"Bio Balance Set d&#039;Essai Bougies de Massage 3 Parfums - Districos Webshop\" \/>\n<meta property=\"og:description\" content=\"G\u00e2tez votre client(e) avec une bougie de massage merveilleusement parfum\u00e9e ! Une fois allum\u00e9e, cette bougie unique se transforme en une huile de massage hydratante et 100 % naturelle pour un massage agr\u00e9ablement chaud. La peau sera tr\u00e8s douce et souple au toucher. Set avec 3 parfums : Ananas\/Mangue + Th\u00e9 Blanc + Ylang-ylang\/Patchouli. Ne [&hellip;]\" \/>\n<meta property=\"og:url\" content=\"https:\/\/webshop.districos.com\/fr\/product\/bio-balance-set-dessai-bougies-de-massage-3-parfums-ref-7059-41\/\" \/>\n<meta property=\"og:site_name\" content=\"Districos Webshop\" \/>\n<meta property=\"article:publisher\" content=\"https:\/\/www.facebook.com\/Districos\/\" \/>\n<meta property=\"article:modified_time\" content=\"2026-05-04T01:31:15+00:00\" \/>\n<meta property=\"og:image\" content=\"https:\/\/webshop.districos.com\/wp-content\/uploads\/2025\/07\/7059.41@LowRes_0.png\" \/>\n\t<meta property=\"og:image:width\" content=\"600\" \/>\n\t<meta property=\"og:image:height\" content=\"600\" \/>\n\t<meta property=\"og:image:type\" content=\"image\/png\" \/>\n<meta name=\"twitter:card\" content=\"summary_large_image\" \/>\n<script type=\"application\/ld+json\" class=\"yoast-schema-graph\">{\"@context\":\"https:\\\/\\\/schema.org\",\"@graph\":[{\"@type\":\"WebPage\",\"@id\":\"https:\\\/\\\/webshop.districos.com\\\/fr\\\/product\\\/bio-balance-set-dessai-bougies-de-massage-3-parfums-ref-7059-41\\\/\",\"url\":\"https:\\\/\\\/webshop.districos.com\\\/fr\\\/product\\\/bio-balance-set-dessai-bougies-de-massage-3-parfums-ref-7059-41\\\/\",\"name\":\"Bio Balance Set d'Essai Bougies de Massage 3 Parfums - Districos Webshop\",\"isPartOf\":{\"@id\":\"https:\\\/\\\/webshop.districos.com\\\/fr\\\/#website\"},\"primaryImageOfPage\":{\"@id\":\"https:\\\/\\\/webshop.districos.com\\\/fr\\\/product\\\/bio-balance-set-dessai-bougies-de-massage-3-parfums-ref-7059-41\\\/#primaryimage\"},\"image\":{\"@id\":\"https:\\\/\\\/webshop.districos.com\\\/fr\\\/product\\\/bio-balance-set-dessai-bougies-de-massage-3-parfums-ref-7059-41\\\/#primaryimage\"},\"thumbnailUrl\":\"https:\\\/\\\/webshop.districos.com\\\/wp-content\\\/uploads\\\/2025\\\/07\\\/7059.41@LowRes_0.png\",\"datePublished\":\"2026-05-04T01:31:12+00:00\",\"dateModified\":\"2026-05-04T01:31:15+00:00\",\"breadcrumb\":{\"@id\":\"https:\\\/\\\/webshop.districos.com\\\/fr\\\/product\\\/bio-balance-set-dessai-bougies-de-massage-3-parfums-ref-7059-41\\\/#breadcrumb\"},\"inLanguage\":\"fr-FR\",\"potentialAction\":[{\"@type\":\"ReadAction\",\"target\":[\"https:\\\/\\\/webshop.districos.com\\\/fr\\\/product\\\/bio-balance-set-dessai-bougies-de-massage-3-parfums-ref-7059-41\\\/\"]}]},{\"@type\":\"ImageObject\",\"inLanguage\":\"fr-FR\",\"@id\":\"https:\\\/\\\/webshop.districos.com\\\/fr\\\/product\\\/bio-balance-set-dessai-bougies-de-massage-3-parfums-ref-7059-41\\\/#primaryimage\",\"url\":\"https:\\\/\\\/webshop.districos.com\\\/wp-content\\\/uploads\\\/2025\\\/07\\\/7059.41@LowRes_0.png\",\"contentUrl\":\"https:\\\/\\\/webshop.districos.com\\\/wp-content\\\/uploads\\\/2025\\\/07\\\/7059.41@LowRes_0.png\",\"width\":600,\"height\":600},{\"@type\":\"BreadcrumbList\",\"@id\":\"https:\\\/\\\/webshop.districos.com\\\/fr\\\/product\\\/bio-balance-set-dessai-bougies-de-massage-3-parfums-ref-7059-41\\\/#breadcrumb\",\"itemListElement\":[{\"@type\":\"ListItem\",\"position\":1,\"name\":\"Home\",\"item\":\"https:\\\/\\\/webshop.districos.com\\\/fr\\\/bienvenue-chez-districos\\\/\"},{\"@type\":\"ListItem\",\"position\":2,\"name\":\"Produits\",\"item\":\"https:\\\/\\\/webshop.districos.com\\\/fr\\\/shop\\\/\"},{\"@type\":\"ListItem\",\"position\":3,\"name\":\"Bio Balance Set d&#8217;Essai Bougies de Massage 3 Parfums\"}]},{\"@type\":\"WebSite\",\"@id\":\"https:\\\/\\\/webshop.districos.com\\\/fr\\\/#website\",\"url\":\"https:\\\/\\\/webshop.districos.com\\\/fr\\\/\",\"name\":\"Districos Webshop\",\"description\":\"De Belgische groothandel voor professionele schoonheidsspecialisten, gespecialiseerde voetverzorgers, podologen en studenten.\",\"publisher\":{\"@id\":\"https:\\\/\\\/webshop.districos.com\\\/fr\\\/#organization\"},\"potentialAction\":[{\"@type\":\"SearchAction\",\"target\":{\"@type\":\"EntryPoint\",\"urlTemplate\":\"https:\\\/\\\/webshop.districos.com\\\/fr\\\/?s={search_term_string}\"},\"query-input\":{\"@type\":\"PropertyValueSpecification\",\"valueRequired\":true,\"valueName\":\"search_term_string\"}}],\"inLanguage\":\"fr-FR\"},{\"@type\":\"Organization\",\"@id\":\"https:\\\/\\\/webshop.districos.com\\\/fr\\\/#organization\",\"name\":\"Districos\",\"url\":\"https:\\\/\\\/webshop.districos.com\\\/fr\\\/\",\"logo\":{\"@type\":\"ImageObject\",\"inLanguage\":\"fr-FR\",\"@id\":\"https:\\\/\\\/webshop.districos.com\\\/fr\\\/#\\\/schema\\\/logo\\\/image\\\/\",\"url\":\"https:\\\/\\\/webshop.districos.com\\\/wp-content\\\/uploads\\\/2022\\\/09\\\/Favicon-Districos.png\",\"contentUrl\":\"https:\\\/\\\/webshop.districos.com\\\/wp-content\\\/uploads\\\/2022\\\/09\\\/Favicon-Districos.png\",\"width\":982,\"height\":982,\"caption\":\"Districos\"},\"image\":{\"@id\":\"https:\\\/\\\/webshop.districos.com\\\/fr\\\/#\\\/schema\\\/logo\\\/image\\\/\"},\"sameAs\":[\"https:\\\/\\\/www.facebook.com\\\/Districos\\\/\"]}]}<\/script>\n<!-- \/ Yoast SEO plugin. -->","yoast_head_json":{"title":"Bio Balance Set d'Essai Bougies de Massage 3 Parfums - Districos Webshop","robots":{"index":"index","follow":"follow","max-snippet":"max-snippet:-1","max-image-preview":"max-image-preview:large","max-video-preview":"max-video-preview:-1"},"canonical":"https:\/\/webshop.districos.com\/fr\/product\/bio-balance-set-dessai-bougies-de-massage-3-parfums-ref-7059-41\/","og_locale":"fr_FR","og_type":"article","og_title":"Bio Balance Set d'Essai Bougies de Massage 3 Parfums - Districos Webshop","og_description":"G\u00e2tez votre client(e) avec une bougie de massage merveilleusement parfum\u00e9e ! Une fois allum\u00e9e, cette bougie unique se transforme en une huile de massage hydratante et 100 % naturelle pour un massage agr\u00e9ablement chaud. La peau sera tr\u00e8s douce et souple au toucher. Set avec 3 parfums : Ananas\/Mangue + Th\u00e9 Blanc + Ylang-ylang\/Patchouli. Ne [&hellip;]","og_url":"https:\/\/webshop.districos.com\/fr\/product\/bio-balance-set-dessai-bougies-de-massage-3-parfums-ref-7059-41\/","og_site_name":"Districos Webshop","article_publisher":"https:\/\/www.facebook.com\/Districos\/","article_modified_time":"2026-05-04T01:31:15+00:00","og_image":[{"width":600,"height":600,"url":"https:\/\/webshop.districos.com\/wp-content\/uploads\/2025\/07\/7059.41@LowRes_0.png","type":"image\/png"}],"twitter_card":"summary_large_image","schema":{"@context":"https:\/\/schema.org","@graph":[{"@type":"WebPage","@id":"https:\/\/webshop.districos.com\/fr\/product\/bio-balance-set-dessai-bougies-de-massage-3-parfums-ref-7059-41\/","url":"https:\/\/webshop.districos.com\/fr\/product\/bio-balance-set-dessai-bougies-de-massage-3-parfums-ref-7059-41\/","name":"Bio Balance Set d'Essai Bougies de Massage 3 Parfums - Districos Webshop","isPartOf":{"@id":"https:\/\/webshop.districos.com\/fr\/#website"},"primaryImageOfPage":{"@id":"https:\/\/webshop.districos.com\/fr\/product\/bio-balance-set-dessai-bougies-de-massage-3-parfums-ref-7059-41\/#primaryimage"},"image":{"@id":"https:\/\/webshop.districos.com\/fr\/product\/bio-balance-set-dessai-bougies-de-massage-3-parfums-ref-7059-41\/#primaryimage"},"thumbnailUrl":"https:\/\/webshop.districos.com\/wp-content\/uploads\/2025\/07\/7059.41@LowRes_0.png","datePublished":"2026-05-04T01:31:12+00:00","dateModified":"2026-05-04T01:31:15+00:00","breadcrumb":{"@id":"https:\/\/webshop.districos.com\/fr\/product\/bio-balance-set-dessai-bougies-de-massage-3-parfums-ref-7059-41\/#breadcrumb"},"inLanguage":"fr-FR","potentialAction":[{"@type":"ReadAction","target":["https:\/\/webshop.districos.com\/fr\/product\/bio-balance-set-dessai-bougies-de-massage-3-parfums-ref-7059-41\/"]}]},{"@type":"ImageObject","inLanguage":"fr-FR","@id":"https:\/\/webshop.districos.com\/fr\/product\/bio-balance-set-dessai-bougies-de-massage-3-parfums-ref-7059-41\/#primaryimage","url":"https:\/\/webshop.districos.com\/wp-content\/uploads\/2025\/07\/7059.41@LowRes_0.png","contentUrl":"https:\/\/webshop.districos.com\/wp-content\/uploads\/2025\/07\/7059.41@LowRes_0.png","width":600,"height":600},{"@type":"BreadcrumbList","@id":"https:\/\/webshop.districos.com\/fr\/product\/bio-balance-set-dessai-bougies-de-massage-3-parfums-ref-7059-41\/#breadcrumb","itemListElement":[{"@type":"ListItem","position":1,"name":"Home","item":"https:\/\/webshop.districos.com\/fr\/bienvenue-chez-districos\/"},{"@type":"ListItem","position":2,"name":"Produits","item":"https:\/\/webshop.districos.com\/fr\/shop\/"},{"@type":"ListItem","position":3,"name":"Bio Balance Set d&#8217;Essai Bougies de Massage 3 Parfums"}]},{"@type":"WebSite","@id":"https:\/\/webshop.districos.com\/fr\/#website","url":"https:\/\/webshop.districos.com\/fr\/","name":"Districos Webshop","description":"De Belgische groothandel voor professionele schoonheidsspecialisten, gespecialiseerde voetverzorgers, podologen en studenten.","publisher":{"@id":"https:\/\/webshop.districos.com\/fr\/#organization"},"potentialAction":[{"@type":"SearchAction","target":{"@type":"EntryPoint","urlTemplate":"https:\/\/webshop.districos.com\/fr\/?s={search_term_string}"},"query-input":{"@type":"PropertyValueSpecification","valueRequired":true,"valueName":"search_term_string"}}],"inLanguage":"fr-FR"},{"@type":"Organization","@id":"https:\/\/webshop.districos.com\/fr\/#organization","name":"Districos","url":"https:\/\/webshop.districos.com\/fr\/","logo":{"@type":"ImageObject","inLanguage":"fr-FR","@id":"https:\/\/webshop.districos.com\/fr\/#\/schema\/logo\/image\/","url":"https:\/\/webshop.districos.com\/wp-content\/uploads\/2022\/09\/Favicon-Districos.png","contentUrl":"https:\/\/webshop.districos.com\/wp-content\/uploads\/2022\/09\/Favicon-Districos.png","width":982,"height":982,"caption":"Districos"},"image":{"@id":"https:\/\/webshop.districos.com\/fr\/#\/schema\/logo\/image\/"},"sameAs":["https:\/\/www.facebook.com\/Districos\/"]}]}},"_links":{"self":[{"href":"https:\/\/webshop.districos.com\/fr\/wp-json\/wp\/v2\/product\/136841","targetHints":{"allow":["GET"]}}],"collection":[{"href":"https:\/\/webshop.districos.com\/fr\/wp-json\/wp\/v2\/product"}],"about":[{"href":"https:\/\/webshop.districos.com\/fr\/wp-json\/wp\/v2\/types\/product"}],"replies":[{"embeddable":true,"href":"https:\/\/webshop.districos.com\/fr\/wp-json\/wp\/v2\/comments?post=136841"}],"wp:featuredmedia":[{"embeddable":true,"href":"https:\/\/webshop.districos.com\/fr\/wp-json\/wp\/v2\/media\/77224"}],"wp:attachment":[{"href":"https:\/\/webshop.districos.com\/fr\/wp-json\/wp\/v2\/media?parent=136841"}],"wp:term":[{"taxonomy":"product_brand","embeddable":true,"href":"https:\/\/webshop.districos.com\/fr\/wp-json\/wp\/v2\/product_brand?post=136841"},{"taxonomy":"product_cat","embeddable":true,"href":"https:\/\/webshop.districos.com\/fr\/wp-json\/wp\/v2\/product_cat?post=136841"},{"taxonomy":"product_tag","embeddable":true,"href":"https:\/\/webshop.districos.com\/fr\/wp-json\/wp\/v2\/product_tag?post=136841"}],"curies":[{"name":"wp","href":"https:\/\/api.w.org\/{rel}","templated":true}]}}