{"id":138305,"date":"2026-05-04T15:34:59","date_gmt":"2026-05-04T13:34:59","guid":{"rendered":"https:\/\/webshopdistricoscom.webhosting.be\/product\/statif-roulant-alourdi-pour-lampe-loupe-noir-ref-8404-492\/"},"modified":"2026-05-04T15:35:00","modified_gmt":"2026-05-04T13:35:00","slug":"statif-roulant-alourdi-pour-lampe-loupe-noir-ref-8404-492","status":"publish","type":"product","link":"https:\/\/webshop.districos.com\/fr\/product\/statif-roulant-alourdi-pour-lampe-loupe-noir-ref-8404-492\/","title":{"rendered":"Statif Roulant Alourdi pour Lampe Loupe Noir"},"content":{"rendered":"<p >\n<\/p>\n<p dir=\"ltr\"><b>Statif alourdi pour lampes loupes.<\/b><\/p>\n<p dir=\"ltr\">\n<ul>\n<li>Base \u00e0 5 pieds avec roulettes<\/li>\n<li>Non r\u00e9glable (hauteur : 71 cm)<\/li>\n<li>Poids : +\/- 7 kg pour plus de stabilit\u00e9<\/li>\n<li>Diam\u00e8tre de la base : 68 cm<\/li>\n<li>Couleur : noir<\/li>\n<\/ul>\n<div><b>\u00c9galement disponible :<\/b><\/div>\n<div>\n<ul>\n<li>Statif Roulant Alourdi pour Lampe Loupe Blanc\/Gris (<a href=\"https:\/\/webshop.districos.com\/ProductDetail\/8404.491\">r\u00e9f. 8404.491<\/a>)<\/li>\n<\/ul>\n<\/div>\n","protected":false},"excerpt":{"rendered":"<p>Statif alourdi pour lampes loupes. Base \u00e0 5 pieds avec roulettes Non r\u00e9glable (hauteur : 71 cm) Poids : +\/- 7 kg pour plus de stabilit\u00e9 Diam\u00e8tre de la base : 68 cm Couleur : noir \u00c9galement disponible : Statif Roulant Alourdi pour Lampe Loupe Blanc\/Gris (r\u00e9f. 8404.491)<\/p>\n","protected":false},"featured_media":159015,"comment_status":"open","ping_status":"closed","template":"","meta":{"_acf_changed":false},"product_brand":[10612],"product_cat":[9862],"product_tag":[],"class_list":{"0":"post-138305","1":"product","2":"type-product","3":"status-publish","4":"has-post-thumbnail","6":"product_brand-zenna-fr","7":"product_cat-beaute-visage-equipement","9":"first","10":"instock","11":"taxable","12":"shipping-taxable","13":"product-type-simple"},"acf":[],"yoast_head":"<!-- This site is optimized with the Yoast SEO plugin v27.5 - https:\/\/yoast.com\/product\/yoast-seo-wordpress\/ -->\n<title>Statif Roulant Alourdi pour Lampe Loupe Noir - Districos Webshop<\/title>\n<meta name=\"robots\" content=\"index, follow, max-snippet:-1, max-image-preview:large, max-video-preview:-1\" \/>\n<link rel=\"canonical\" href=\"https:\/\/webshop.districos.com\/fr\/product\/statif-roulant-alourdi-pour-lampe-loupe-noir-ref-8404-492\/\" \/>\n<meta property=\"og:locale\" content=\"fr_FR\" \/>\n<meta property=\"og:type\" content=\"article\" \/>\n<meta property=\"og:title\" content=\"Statif Roulant Alourdi pour Lampe Loupe Noir - Districos Webshop\" \/>\n<meta property=\"og:description\" content=\"Statif alourdi pour lampes loupes. Base \u00e0 5 pieds avec roulettes Non r\u00e9glable (hauteur : 71 cm) Poids : +\/- 7 kg pour plus de stabilit\u00e9 Diam\u00e8tre de la base : 68 cm Couleur : noir \u00c9galement disponible : Statif Roulant Alourdi pour Lampe Loupe Blanc\/Gris (r\u00e9f. 8404.491)\" \/>\n<meta property=\"og:url\" content=\"https:\/\/webshop.districos.com\/fr\/product\/statif-roulant-alourdi-pour-lampe-loupe-noir-ref-8404-492\/\" \/>\n<meta property=\"og:site_name\" content=\"Districos Webshop\" \/>\n<meta property=\"article:publisher\" content=\"https:\/\/www.facebook.com\/Districos\/\" \/>\n<meta property=\"article:modified_time\" content=\"2026-05-04T13:35:00+00:00\" \/>\n<meta property=\"og:image\" content=\"https:\/\/webshop.districos.com\/wp-content\/uploads\/2026\/05\/8404.492@Verzwaard-Rolstatief-voor-Loeplamp-Zwart_1.png\" \/>\n\t<meta property=\"og:image:width\" content=\"600\" \/>\n\t<meta property=\"og:image:height\" content=\"600\" \/>\n\t<meta property=\"og:image:type\" content=\"image\/png\" \/>\n<meta name=\"twitter:card\" content=\"summary_large_image\" \/>\n<script type=\"application\/ld+json\" class=\"yoast-schema-graph\">{\"@context\":\"https:\\\/\\\/schema.org\",\"@graph\":[{\"@type\":\"WebPage\",\"@id\":\"https:\\\/\\\/webshop.districos.com\\\/fr\\\/product\\\/statif-roulant-alourdi-pour-lampe-loupe-noir-ref-8404-492\\\/\",\"url\":\"https:\\\/\\\/webshop.districos.com\\\/fr\\\/product\\\/statif-roulant-alourdi-pour-lampe-loupe-noir-ref-8404-492\\\/\",\"name\":\"Statif Roulant Alourdi pour Lampe Loupe Noir - Districos Webshop\",\"isPartOf\":{\"@id\":\"https:\\\/\\\/webshop.districos.com\\\/fr\\\/#website\"},\"primaryImageOfPage\":{\"@id\":\"https:\\\/\\\/webshop.districos.com\\\/fr\\\/product\\\/statif-roulant-alourdi-pour-lampe-loupe-noir-ref-8404-492\\\/#primaryimage\"},\"image\":{\"@id\":\"https:\\\/\\\/webshop.districos.com\\\/fr\\\/product\\\/statif-roulant-alourdi-pour-lampe-loupe-noir-ref-8404-492\\\/#primaryimage\"},\"thumbnailUrl\":\"https:\\\/\\\/webshop.districos.com\\\/wp-content\\\/uploads\\\/2026\\\/05\\\/8404.492@Verzwaard-Rolstatief-voor-Loeplamp-Zwart_1.png\",\"datePublished\":\"2026-05-04T13:34:59+00:00\",\"dateModified\":\"2026-05-04T13:35:00+00:00\",\"breadcrumb\":{\"@id\":\"https:\\\/\\\/webshop.districos.com\\\/fr\\\/product\\\/statif-roulant-alourdi-pour-lampe-loupe-noir-ref-8404-492\\\/#breadcrumb\"},\"inLanguage\":\"fr-FR\",\"potentialAction\":[{\"@type\":\"ReadAction\",\"target\":[\"https:\\\/\\\/webshop.districos.com\\\/fr\\\/product\\\/statif-roulant-alourdi-pour-lampe-loupe-noir-ref-8404-492\\\/\"]}]},{\"@type\":\"ImageObject\",\"inLanguage\":\"fr-FR\",\"@id\":\"https:\\\/\\\/webshop.districos.com\\\/fr\\\/product\\\/statif-roulant-alourdi-pour-lampe-loupe-noir-ref-8404-492\\\/#primaryimage\",\"url\":\"https:\\\/\\\/webshop.districos.com\\\/wp-content\\\/uploads\\\/2026\\\/05\\\/8404.492@Verzwaard-Rolstatief-voor-Loeplamp-Zwart_1.png\",\"contentUrl\":\"https:\\\/\\\/webshop.districos.com\\\/wp-content\\\/uploads\\\/2026\\\/05\\\/8404.492@Verzwaard-Rolstatief-voor-Loeplamp-Zwart_1.png\",\"width\":600,\"height\":600},{\"@type\":\"BreadcrumbList\",\"@id\":\"https:\\\/\\\/webshop.districos.com\\\/fr\\\/product\\\/statif-roulant-alourdi-pour-lampe-loupe-noir-ref-8404-492\\\/#breadcrumb\",\"itemListElement\":[{\"@type\":\"ListItem\",\"position\":1,\"name\":\"Home\",\"item\":\"https:\\\/\\\/webshop.districos.com\\\/fr\\\/bienvenue-chez-districos\\\/\"},{\"@type\":\"ListItem\",\"position\":2,\"name\":\"Produits\",\"item\":\"https:\\\/\\\/webshop.districos.com\\\/fr\\\/shop\\\/\"},{\"@type\":\"ListItem\",\"position\":3,\"name\":\"Statif Roulant Alourdi pour Lampe Loupe Noir\"}]},{\"@type\":\"WebSite\",\"@id\":\"https:\\\/\\\/webshop.districos.com\\\/fr\\\/#website\",\"url\":\"https:\\\/\\\/webshop.districos.com\\\/fr\\\/\",\"name\":\"Districos Webshop\",\"description\":\"De Belgische groothandel voor professionele schoonheidsspecialisten, gespecialiseerde voetverzorgers, podologen en studenten.\",\"publisher\":{\"@id\":\"https:\\\/\\\/webshop.districos.com\\\/fr\\\/#organization\"},\"potentialAction\":[{\"@type\":\"SearchAction\",\"target\":{\"@type\":\"EntryPoint\",\"urlTemplate\":\"https:\\\/\\\/webshop.districos.com\\\/fr\\\/?s={search_term_string}\"},\"query-input\":{\"@type\":\"PropertyValueSpecification\",\"valueRequired\":true,\"valueName\":\"search_term_string\"}}],\"inLanguage\":\"fr-FR\"},{\"@type\":\"Organization\",\"@id\":\"https:\\\/\\\/webshop.districos.com\\\/fr\\\/#organization\",\"name\":\"Districos\",\"url\":\"https:\\\/\\\/webshop.districos.com\\\/fr\\\/\",\"logo\":{\"@type\":\"ImageObject\",\"inLanguage\":\"fr-FR\",\"@id\":\"https:\\\/\\\/webshop.districos.com\\\/fr\\\/#\\\/schema\\\/logo\\\/image\\\/\",\"url\":\"https:\\\/\\\/webshop.districos.com\\\/wp-content\\\/uploads\\\/2022\\\/09\\\/Favicon-Districos.png\",\"contentUrl\":\"https:\\\/\\\/webshop.districos.com\\\/wp-content\\\/uploads\\\/2022\\\/09\\\/Favicon-Districos.png\",\"width\":982,\"height\":982,\"caption\":\"Districos\"},\"image\":{\"@id\":\"https:\\\/\\\/webshop.districos.com\\\/fr\\\/#\\\/schema\\\/logo\\\/image\\\/\"},\"sameAs\":[\"https:\\\/\\\/www.facebook.com\\\/Districos\\\/\"]}]}<\/script>\n<!-- \/ Yoast SEO plugin. -->","yoast_head_json":{"title":"Statif Roulant Alourdi pour Lampe Loupe Noir - Districos Webshop","robots":{"index":"index","follow":"follow","max-snippet":"max-snippet:-1","max-image-preview":"max-image-preview:large","max-video-preview":"max-video-preview:-1"},"canonical":"https:\/\/webshop.districos.com\/fr\/product\/statif-roulant-alourdi-pour-lampe-loupe-noir-ref-8404-492\/","og_locale":"fr_FR","og_type":"article","og_title":"Statif Roulant Alourdi pour Lampe Loupe Noir - Districos Webshop","og_description":"Statif alourdi pour lampes loupes. Base \u00e0 5 pieds avec roulettes Non r\u00e9glable (hauteur : 71 cm) Poids : +\/- 7 kg pour plus de stabilit\u00e9 Diam\u00e8tre de la base : 68 cm Couleur : noir \u00c9galement disponible : Statif Roulant Alourdi pour Lampe Loupe Blanc\/Gris (r\u00e9f. 8404.491)","og_url":"https:\/\/webshop.districos.com\/fr\/product\/statif-roulant-alourdi-pour-lampe-loupe-noir-ref-8404-492\/","og_site_name":"Districos Webshop","article_publisher":"https:\/\/www.facebook.com\/Districos\/","article_modified_time":"2026-05-04T13:35:00+00:00","og_image":[{"width":600,"height":600,"url":"https:\/\/webshop.districos.com\/wp-content\/uploads\/2026\/05\/8404.492@Verzwaard-Rolstatief-voor-Loeplamp-Zwart_1.png","type":"image\/png"}],"twitter_card":"summary_large_image","schema":{"@context":"https:\/\/schema.org","@graph":[{"@type":"WebPage","@id":"https:\/\/webshop.districos.com\/fr\/product\/statif-roulant-alourdi-pour-lampe-loupe-noir-ref-8404-492\/","url":"https:\/\/webshop.districos.com\/fr\/product\/statif-roulant-alourdi-pour-lampe-loupe-noir-ref-8404-492\/","name":"Statif Roulant Alourdi pour Lampe Loupe Noir - Districos Webshop","isPartOf":{"@id":"https:\/\/webshop.districos.com\/fr\/#website"},"primaryImageOfPage":{"@id":"https:\/\/webshop.districos.com\/fr\/product\/statif-roulant-alourdi-pour-lampe-loupe-noir-ref-8404-492\/#primaryimage"},"image":{"@id":"https:\/\/webshop.districos.com\/fr\/product\/statif-roulant-alourdi-pour-lampe-loupe-noir-ref-8404-492\/#primaryimage"},"thumbnailUrl":"https:\/\/webshop.districos.com\/wp-content\/uploads\/2026\/05\/8404.492@Verzwaard-Rolstatief-voor-Loeplamp-Zwart_1.png","datePublished":"2026-05-04T13:34:59+00:00","dateModified":"2026-05-04T13:35:00+00:00","breadcrumb":{"@id":"https:\/\/webshop.districos.com\/fr\/product\/statif-roulant-alourdi-pour-lampe-loupe-noir-ref-8404-492\/#breadcrumb"},"inLanguage":"fr-FR","potentialAction":[{"@type":"ReadAction","target":["https:\/\/webshop.districos.com\/fr\/product\/statif-roulant-alourdi-pour-lampe-loupe-noir-ref-8404-492\/"]}]},{"@type":"ImageObject","inLanguage":"fr-FR","@id":"https:\/\/webshop.districos.com\/fr\/product\/statif-roulant-alourdi-pour-lampe-loupe-noir-ref-8404-492\/#primaryimage","url":"https:\/\/webshop.districos.com\/wp-content\/uploads\/2026\/05\/8404.492@Verzwaard-Rolstatief-voor-Loeplamp-Zwart_1.png","contentUrl":"https:\/\/webshop.districos.com\/wp-content\/uploads\/2026\/05\/8404.492@Verzwaard-Rolstatief-voor-Loeplamp-Zwart_1.png","width":600,"height":600},{"@type":"BreadcrumbList","@id":"https:\/\/webshop.districos.com\/fr\/product\/statif-roulant-alourdi-pour-lampe-loupe-noir-ref-8404-492\/#breadcrumb","itemListElement":[{"@type":"ListItem","position":1,"name":"Home","item":"https:\/\/webshop.districos.com\/fr\/bienvenue-chez-districos\/"},{"@type":"ListItem","position":2,"name":"Produits","item":"https:\/\/webshop.districos.com\/fr\/shop\/"},{"@type":"ListItem","position":3,"name":"Statif Roulant Alourdi pour Lampe Loupe Noir"}]},{"@type":"WebSite","@id":"https:\/\/webshop.districos.com\/fr\/#website","url":"https:\/\/webshop.districos.com\/fr\/","name":"Districos Webshop","description":"De Belgische groothandel voor professionele schoonheidsspecialisten, gespecialiseerde voetverzorgers, podologen en studenten.","publisher":{"@id":"https:\/\/webshop.districos.com\/fr\/#organization"},"potentialAction":[{"@type":"SearchAction","target":{"@type":"EntryPoint","urlTemplate":"https:\/\/webshop.districos.com\/fr\/?s={search_term_string}"},"query-input":{"@type":"PropertyValueSpecification","valueRequired":true,"valueName":"search_term_string"}}],"inLanguage":"fr-FR"},{"@type":"Organization","@id":"https:\/\/webshop.districos.com\/fr\/#organization","name":"Districos","url":"https:\/\/webshop.districos.com\/fr\/","logo":{"@type":"ImageObject","inLanguage":"fr-FR","@id":"https:\/\/webshop.districos.com\/fr\/#\/schema\/logo\/image\/","url":"https:\/\/webshop.districos.com\/wp-content\/uploads\/2022\/09\/Favicon-Districos.png","contentUrl":"https:\/\/webshop.districos.com\/wp-content\/uploads\/2022\/09\/Favicon-Districos.png","width":982,"height":982,"caption":"Districos"},"image":{"@id":"https:\/\/webshop.districos.com\/fr\/#\/schema\/logo\/image\/"},"sameAs":["https:\/\/www.facebook.com\/Districos\/"]}]}},"_links":{"self":[{"href":"https:\/\/webshop.districos.com\/fr\/wp-json\/wp\/v2\/product\/138305","targetHints":{"allow":["GET"]}}],"collection":[{"href":"https:\/\/webshop.districos.com\/fr\/wp-json\/wp\/v2\/product"}],"about":[{"href":"https:\/\/webshop.districos.com\/fr\/wp-json\/wp\/v2\/types\/product"}],"replies":[{"embeddable":true,"href":"https:\/\/webshop.districos.com\/fr\/wp-json\/wp\/v2\/comments?post=138305"}],"wp:featuredmedia":[{"embeddable":true,"href":"https:\/\/webshop.districos.com\/fr\/wp-json\/wp\/v2\/media\/159015"}],"wp:attachment":[{"href":"https:\/\/webshop.districos.com\/fr\/wp-json\/wp\/v2\/media?parent=138305"}],"wp:term":[{"taxonomy":"product_brand","embeddable":true,"href":"https:\/\/webshop.districos.com\/fr\/wp-json\/wp\/v2\/product_brand?post=138305"},{"taxonomy":"product_cat","embeddable":true,"href":"https:\/\/webshop.districos.com\/fr\/wp-json\/wp\/v2\/product_cat?post=138305"},{"taxonomy":"product_tag","embeddable":true,"href":"https:\/\/webshop.districos.com\/fr\/wp-json\/wp\/v2\/product_tag?post=138305"}],"curies":[{"name":"wp","href":"https:\/\/api.w.org\/{rel}","templated":true}]}}